{"id":1589,"date":"2023-06-19T11:21:56","date_gmt":"2023-06-19T11:21:56","guid":{"rendered":"https:\/\/lewagro-service.de\/?page_id=1589"},"modified":"2023-06-19T11:21:56","modified_gmt":"2023-06-19T11:21:56","slug":"datenschutz","status":"publish","type":"page","link":"https:\/\/lewagro-service.de\/?page_id=1589","title":{"rendered":"Datenschutz"},"content":{"rendered":"\n<h3 class=\"wp-block-heading\"><strong>Datenschutzerkl\u00e4rung Lewagro-Service laut DSGVO \u2013 Stand 19.06.2023<\/strong><\/h3>\n\n\n\n<p>Die Nutzung unserer Webseite ist in der Regel ohne Angabe personenbezogener Daten m\u00f6glich. Soweit auf unseren Seiten personenbezogene Daten (beispielsweise Name, Anschrift und eMail-Adresse) erhoben werden, erfolgt dies, soweit m\u00f6glich, stets auf freiwilliger Basis. Diese Daten werden ohne Ihre ausdr\u00fcckliche Zustimmung nicht an Dritte weitergegeben.<\/p>\n\n\n\n<p>Wir weisen darauf hin, dass die Daten\u00fcbertragung im Internet (z.B. bei der Kommunikation per E-Mail) Sicherheitsl\u00fccken aufweisen kann. Ein l\u00fcckenloser Schutz der Daten vor dem Zugriff durch Dritte ist nicht m\u00f6glich.<\/p>\n\n\n\n<p>Der Nutzung von im Rahmen der Impressumspflicht ver\u00f6ffentlichten Kontaktdaten durch Dritte zur \u00dcbersendung von nicht ausdr\u00fccklich angeforderter Werbung und Informationsmaterialien wird hiermit ausdr\u00fccklich widersprochen. Die Betreiber der Seiten behalten sich ausdr\u00fccklich rechtliche Schritte im Falle der unverlangten Zusendung von Werbeinformationen, etwa durch Spam-Mails, vor.<\/p>\n\n\n\n<p>Datenschutzerkl\u00e4rung f\u00fcr die Nutzung von Facebook-Plugins (Like-Button)<\/p>\n\n\n\n<p>Auf unseren Seiten sind Plugins des sozialen Netzwerks Facebook, 1601 South California Avenue, Palo Alto, CA 94304, USA integriert. Die Facebook-Plugins erkennen Sie an dem Facebook-Logo oder dem \u201cLike-Button\u201d (\u201cGef\u00e4llt mir\u201d) auf unserer Seite. Eine \u00dcbersicht \u00fcber die Facebook-Plugins finden Sie hier:&nbsp;<a href=\"http:\/\/developers.facebook.com\/docs\/plugins\/\">http:\/\/developers.facebook.com\/docs\/plugins\/<\/a>.<\/p>\n\n\n\n<p>Wenn Sie unsere Seiten besuchen, wird \u00fcber das Plugin eine direkte Verbindung zwischen Ihrem Browser und dem Facebook-Server hergestellt. Facebook erh\u00e4lt dadurch die Information, dass Sie mit Ihrer IP-Adresse unsere Seite besucht haben. Wenn Sie den Facebook \u201cLike-Button\u201d anklicken w\u00e4hrend Sie in Ihrem Facebook-Account eingeloggt sind, k\u00f6nnen Sie die Inhalte unserer Seiten auf Ihrem Facebook-Profil verlinken. Dadurch kann Facebook den Besuch unserer Seiten Ihrem Benutzerkonto zuordnen. Wir weisen darauf hin, dass wir als Anbieter der Seiten keine Kenntnis vom Inhalt der \u00fcbermittelten Daten sowie deren Nutzung durch Facebook erhalten. Weitere Informationen hierzu finden Sie in der Datenschutzerkl\u00e4rung von facebook unter&nbsp;<a href=\"http:\/\/de-de.facebook.com\/policy.php\">http:\/\/de-de.facebook.com\/policy.php<\/a><\/p>\n\n\n\n<p>Wenn Sie nicht w\u00fcnschen, dass Facebook den Besuch unserer Seiten Ihrem Facebook-Nutzerkonto zuordnen kann, loggen Sie sich bitte aus Ihrem Facebook-Benutzerkonto aus.<strong>Keine Abmahnung ohne vorherige Kontaktaufnahme:<\/strong>&nbsp;Unter Berufung auf \u00a7 8 Abs. 4 UWG bitten wir Sie uns eine Nachricht ohne Kostennote zuzusenden mit einer ausf\u00fchrlichen Beschreibung. Dies betrifft Rechte Dritter und den gesamten Inhalt dieser Internetseite (Produkte, Texte, Musik und Bilder). Bei Schutzrechtsverletzung darf eine Rechtsbeanstandung nicht ohne unsere Zustimmung stattfinden. Nehmen Sie mit uns Kontakt auf und wir entfernen den Inhalt \u2013 bzw. \u00e4ndern diesen umgehend ab. Eine Klage ohne vorherigen Kontakt zu uns hat ggf. eine Gegenklage zu erwarten. Beachten Sie auch den Versto\u00df gegen \u00a7 9 UWG \u2013 vors\u00e4tzliche Zuwiderhandlung.<\/p>\n\n\n\n<p>Gem\u00e4\u00df Art.6 Abs.1 lit. B der DSGVO verarbeiten wir die erhobenen Daten nur zum Zweck der Vertragserf\u00fcllung.<\/p>\n\n\n\n<p>(Artikel 6, Absatz 1, littera b) die Verarbeitung ist f\u00fcr die Erf\u00fcllung eines Vertrags, dessen Vertragspartei die betroffene Person ist, oder zur Durchf\u00fchrung vorvertraglicher Ma\u00dfnahmen erforderlich, die auf Anfrage der betroffenen Person erfolgen;)<\/p>\n\n\n\n<p>SSL-Verschl\u00fcsselung<\/p>\n\n\n\n<p>Ihre u.g. Daten werden in verschl\u00fcsselter Form \u00fcbertragen, um einem Missbrauch durch Dritte entgegenzuwirken. SSL (Secure Socket Layer) ist eine Sicherheitstechnologie, die gew\u00e4hrleistet, dass Ihre pers\u00f6nlichen Daten, inkl. der Kreditkarteninformationen, Ihre Login-Daten und Ihre Zahlungsweise sicher \u00fcber das Internet transferiert werden. Zahlungsdaten werden so verschl\u00fcsselt, dass sie nur f\u00fcr das Zahlungssystem lesbar sind.<\/p>\n\n\n\n<p>Speicherung der Kundendaten<\/p>\n\n\n\n<p>Alle zur Vertrageserf\u00fcllung notwendigen Daten unserer Kunden werden intern in einem vom Kunden aufzurufenden, jederzeit aktualisierbaren Kundenkonto hinzugef\u00fcgt. Dieses Kundenkonto kann zu jeder Zeit vom Kunden als auch von dem Verantwortlichen gel\u00f6scht werden. Sollten gesetzliche Aufbewahrungsfristen bestehen, werden die Daten w\u00e4hrend der Dauer dieser Frist archiviert.<\/p>\n\n\n\n<p>Google Maps<\/p>\n\n\n\n<p>Diese Website benutzt Google Maps API, um unsere Adresse bzw. Gesch\u00e4ftsstelle visuell darzustellen. Bei der Benutzung von Google Maps erhebt Google Maps Daten \u00fcber die Verwendung der Kartenfunktion von Benutzern, verarbeitet und nutzt diese Informationen dann in der eigenen Datenverarbeitung. Mehr Informationen diesbez\u00fcglich k\u00f6nnen sie den Google-Datenschutzinformationen entnehmen \u2013 hier k\u00f6nnen sie ebenfalls (im Google Datenschutzcenter) ihre pers\u00f6nlichen Datenschutz-Einstellungen bearbeiten.<\/p>\n\n\n\n<p>\u00c4nderungen zu unserem Datenschutz<\/p>\n\n\n\n<p>Damit unsere Datenschutzerkl\u00e4rung stets aktuellen Richtlinien und Vorraussetzungen entspricht, behalten wir es uns vor, unsere Datenschutzerkl\u00e4rung anzupassen und zu aktualisieren.<\/p>\n\n\n\n<p>Eingebettete YouTube Videos<\/p>\n\n\n\n<p>Auf unserer Website befinden sich von uns eingebettete YouTube Videos. Betrieben werden diese Videos von&nbsp; der&nbsp;YouTube, LLC, 901 Cherry Ave., San Bruno, CA 94066, USA<\/p>\n\n\n\n<p>Newsletter Versand<\/p>\n\n\n\n<p>Der Versand unserer Newsletter erfolgt \u00fcber den technischen Dienstleister rapidmail GmbH, Augustinerplatz 2, D-79098 Freiburg im Breisgau (https:\/\/www.rapidmail.de\/). Zum Versenden der Newsletter geben wir die von Ihnen bereitgestellten Daten an rapidmail weiter. Diese Weitergabe erfolgt gem\u00e4\u00df Art. 6 Abs. 1 lit f. der DSGVO und dient unserem berechtigten Interesse an der Verwendung eines werbewirksamen, sicheren, und nutzerfreundlichen Newsletter-Sendesystems.<\/p>\n","protected":false},"excerpt":{"rendered":"<p>Datenschutzerkl\u00e4rung Lewagro-Service laut DSGVO \u2013 Stand 19.06.2023 Die Nutzung unserer Webseite ist in der Regel ohne Angabe personenbezogener Daten m\u00f6glich. Soweit auf unseren Seiten personenbezogene Daten (beispielsweise Name, Anschrift und eMail-Adresse) erhoben werden, erfolgt dies, soweit m\u00f6glich, stets auf freiwilliger Basis. Diese Daten werden ohne Ihre ausdr\u00fcckliche Zustimmung nicht an Dritte weitergegeben. Wir weisen darauf&#8230;<\/p>\n","protected":false},"author":2,"featured_media":0,"parent":0,"menu_order":0,"comment_status":"closed","ping_status":"closed","template":"","meta":{"footnotes":""},"class_list":["post-1589","page","type-page","status-publish","hentry"],"_links":{"self":[{"href":"https:\/\/lewagro-service.de\/index.php?rest_route=\/wp\/v2\/pages\/1589","targetHints":{"allow":["GET"]}}],"collection":[{"href":"https:\/\/lewagro-service.de\/index.php?rest_route=\/wp\/v2\/pages"}],"about":[{"href":"https:\/\/lewagro-service.de\/index.php?rest_route=\/wp\/v2\/types\/page"}],"author":[{"embeddable":true,"href":"https:\/\/lewagro-service.de\/index.php?rest_route=\/wp\/v2\/users\/2"}],"replies":[{"embeddable":true,"href":"https:\/\/lewagro-service.de\/index.php?rest_route=%2Fwp%2Fv2%2Fcomments&post=1589"}],"version-history":[{"count":1,"href":"https:\/\/lewagro-service.de\/index.php?rest_route=\/wp\/v2\/pages\/1589\/revisions"}],"predecessor-version":[{"id":1590,"href":"https:\/\/lewagro-service.de\/index.php?rest_route=\/wp\/v2\/pages\/1589\/revisions\/1590"}],"wp:attachment":[{"href":"https:\/\/lewagro-service.de\/index.php?rest_route=%2Fwp%2Fv2%2Fmedia&parent=1589"}],"curies":[{"name":"wp","href":"https:\/\/api.w.org\/{rel}","templated":true}]}}