{"id":940,"date":"2023-04-02T01:27:28","date_gmt":"2023-04-02T01:27:28","guid":{"rendered":"http:\/\/localhost\/kontonwp\/?page_id=940"},"modified":"2023-06-20T12:42:02","modified_gmt":"2023-06-20T12:42:02","slug":"construction-services","status":"publish","type":"page","link":"https:\/\/lewagro-service.de\/?page_id=940","title":{"rendered":"Hausmeisterservice"},"content":{"rendered":"\t\t<div data-elementor-type=\"wp-page\" data-elementor-id=\"940\" class=\"elementor elementor-940\">\n\t\t\t\t\t\t\t\t\t<section class=\"elementor-section elementor-top-section elementor-element elementor-element-2f2149ad elementor-section-stretched elementor-section-boxed elementor-section-height-default elementor-section-height-default\" data-id=\"2f2149ad\" data-element_type=\"section\" data-settings=\"{&quot;stretch_section&quot;:&quot;section-stretched&quot;}\">\n\t\t\t\t\t\t<div class=\"elementor-container elementor-column-gap-default\">\n\t\t\t\t\t<div class=\"elementor-column elementor-col-50 elementor-top-column elementor-element elementor-element-5a879d91\" data-id=\"5a879d91\" data-element_type=\"column\">\n\t\t\t<div class=\"elementor-widget-wrap elementor-element-populated\">\n\t\t\t\t\t\t\t\t<section class=\"elementor-section elementor-inner-section elementor-element elementor-element-6a2e9565 elementor-section-boxed elementor-section-height-default elementor-section-height-default\" data-id=\"6a2e9565\" data-element_type=\"section\" data-settings=\"{&quot;background_background&quot;:&quot;classic&quot;}\">\n\t\t\t\t\t\t<div class=\"elementor-container elementor-column-gap-default\">\n\t\t\t\t\t<div class=\"elementor-column elementor-col-100 elementor-inner-column elementor-element elementor-element-2f043aa4\" data-id=\"2f043aa4\" data-element_type=\"column\">\n\t\t\t<div class=\"elementor-widget-wrap elementor-element-populated\">\n\t\t\t\t\t\t\t\t<div class=\"elementor-element elementor-element-21990bc0 elementor-widget elementor-widget-tentaz-core-heading\" data-id=\"21990bc0\" data-element_type=\"widget\" data-widget_type=\"tentaz-core-heading.default\">\n\t\t\t\t<div class=\"elementor-widget-container\">\n\t\t\t        <div class=\"tentaz-heading default  \">\r\n            <div class=\"title-inner\">        \t\t      \t\t\r\n\t            <span class=\"sub-text \">Unser Service<\/span>\t        <\/div>\r\n        <\/div>\r\n\r\n        \t\t<\/div>\n\t\t\t\t<\/div>\n\t\t\t\t<div class=\"elementor-element elementor-element-5987634b elementor-widget elementor-widget-sidebar\" data-id=\"5987634b\" data-element_type=\"widget\" data-widget_type=\"sidebar.default\">\n\t\t\t\t<div class=\"elementor-widget-container\">\n\t\t\t<section id=\"nav_menu-2\" class=\"ten_ser widget widget_nav_menu\"><div class=\"menu-services-menu-container\"><ul id=\"menu-services-menu\" class=\"menu\"><li id=\"menu-item-969\" class=\"menu-item menu-item-type-post_type menu-item-object-page menu-item-969\"><a href=\"https:\/\/lewagro-service.de\/?page_id=940\">Hausmeisterservice<\/a><\/li>\n<li id=\"menu-item-1294\" class=\"menu-item menu-item-type-post_type menu-item-object-page menu-item-1294\"><a href=\"https:\/\/lewagro-service.de\/?page_id=1282\">Geb\u00e4udereinigung<\/a><\/li>\n<li id=\"menu-item-1593\" class=\"menu-item menu-item-type-post_type menu-item-object-page menu-item-1593\"><a href=\"https:\/\/lewagro-service.de\/?page_id=1591\">Impressum<\/a><\/li>\n<li id=\"menu-item-1594\" class=\"menu-item menu-item-type-post_type menu-item-object-page menu-item-1594\"><a href=\"https:\/\/lewagro-service.de\/?page_id=1589\">Datenschutz<\/a><\/li>\n<\/ul><\/div><\/section>\t\t<\/div>\n\t\t\t\t<\/div>\n\t\t\t\t\t<\/div>\n\t\t<\/div>\n\t\t\t\t\t\t\t<\/div>\n\t\t<\/section>\n\t\t\t\t<section class=\"elementor-section elementor-inner-section elementor-element elementor-element-6454017e elementor-section-boxed elementor-section-height-default elementor-section-height-default\" data-id=\"6454017e\" data-element_type=\"section\" data-settings=\"{&quot;background_background&quot;:&quot;classic&quot;}\">\n\t\t\t\t\t\t<div class=\"elementor-container elementor-column-gap-default\">\n\t\t\t\t\t<div class=\"elementor-column elementor-col-100 elementor-inner-column elementor-element elementor-element-69ec7ae0\" data-id=\"69ec7ae0\" data-element_type=\"column\">\n\t\t\t<div class=\"elementor-widget-wrap elementor-element-populated\">\n\t\t\t\t\t\t\t\t<div class=\"elementor-element elementor-element-35c795b3 elementor-widget elementor-widget-image\" data-id=\"35c795b3\" data-element_type=\"widget\" data-widget_type=\"image.default\">\n\t\t\t\t<div class=\"elementor-widget-container\">\n\t\t\t<style>\/*! elementor - v3.13.3 - 28-05-2023 *\/\n.elementor-widget-image{text-align:center}.elementor-widget-image a{display:inline-block}.elementor-widget-image a img[src$=\".svg\"]{width:48px}.elementor-widget-image img{vertical-align:middle;display:inline-block}<\/style>\t\t\t\t\t\t\t\t\t\t\t\t<img loading=\"lazy\" decoding=\"async\" width=\"300\" height=\"300\" src=\"https:\/\/lewagro-service.de\/wp-content\/uploads\/2023\/04\/icons-1.png\" class=\"attachment-full size-full wp-image-943\" alt=\"\" srcset=\"https:\/\/lewagro-service.de\/wp-content\/uploads\/2023\/04\/icons-1.png 300w, https:\/\/lewagro-service.de\/wp-content\/uploads\/2023\/04\/icons-1-100x100.png 100w, https:\/\/lewagro-service.de\/wp-content\/uploads\/2023\/04\/icons-1-150x150.png 150w\" sizes=\"auto, (max-width: 300px) 100vw, 300px\" \/>\t\t\t\t\t\t\t\t\t\t\t\t\t\t\t<\/div>\n\t\t\t\t<\/div>\n\t\t\t\t<div class=\"elementor-element elementor-element-2d112e50 elementor-widget elementor-widget-heading\" data-id=\"2d112e50\" data-element_type=\"widget\" data-widget_type=\"heading.default\">\n\t\t\t\t<div class=\"elementor-widget-container\">\n\t\t\t<style>\/*! elementor - v3.13.3 - 28-05-2023 *\/\n.elementor-heading-title{padding:0;margin:0;line-height:1}.elementor-widget-heading .elementor-heading-title[class*=elementor-size-]>a{color:inherit;font-size:inherit;line-height:inherit}.elementor-widget-heading .elementor-heading-title.elementor-size-small{font-size:15px}.elementor-widget-heading .elementor-heading-title.elementor-size-medium{font-size:19px}.elementor-widget-heading .elementor-heading-title.elementor-size-large{font-size:29px}.elementor-widget-heading .elementor-heading-title.elementor-size-xl{font-size:39px}.elementor-widget-heading .elementor-heading-title.elementor-size-xxl{font-size:59px}<\/style><h3 class=\"elementor-heading-title elementor-size-default\">Haben Sie<br>\nFragen?<br>\nKontaktieren Sie Uns!<\/h3>\t\t<\/div>\n\t\t\t\t<\/div>\n\t\t\t\t<div class=\"elementor-element elementor-element-4cd05018 elementor-widget elementor-widget-tentaz-button\" data-id=\"4cd05018\" data-element_type=\"widget\" data-widget_type=\"tentaz-button.default\">\n\t\t\t\t<div class=\"elementor-widget-container\">\n\t\t\t\t\t\r\n\t\t<div class=\"tentaz-btn\">\r\n\t\t\t\t\t\t<a class=\"tentaz-btn readon\" href=\"https:\/\/lewagro-service.de\/?page_id=43\" >\t\t\t\t\r\n\t\t\t\t<span class=\"btn_text\">Kontakt<\/span>\r\n\t\t\t\t\t\t\t<\/a>\r\n\t\t<\/div>   \r\n\t\t\t<\/div>\n\t\t\t\t<\/div>\n\t\t\t\t\t<\/div>\n\t\t<\/div>\n\t\t\t\t\t\t\t<\/div>\n\t\t<\/section>\n\t\t\t\t\t<\/div>\n\t\t<\/div>\n\t\t\t\t<div class=\"elementor-column elementor-col-50 elementor-top-column elementor-element elementor-element-3a6b929a\" data-id=\"3a6b929a\" data-element_type=\"column\">\n\t\t\t<div class=\"elementor-widget-wrap elementor-element-populated\">\n\t\t\t\t\t\t\t\t<section class=\"elementor-section elementor-inner-section elementor-element elementor-element-6e97681f elementor-section-boxed elementor-section-height-default elementor-section-height-default\" data-id=\"6e97681f\" data-element_type=\"section\">\n\t\t\t\t\t\t<div class=\"elementor-container elementor-column-gap-default\">\n\t\t\t\t\t<div class=\"elementor-column elementor-col-100 elementor-inner-column elementor-element elementor-element-30ea059a\" data-id=\"30ea059a\" data-element_type=\"column\">\n\t\t\t<div class=\"elementor-widget-wrap elementor-element-populated\">\n\t\t\t\t\t\t\t\t<div class=\"elementor-element elementor-element-4f7fd5ef elementor-widget elementor-widget-image\" data-id=\"4f7fd5ef\" data-element_type=\"widget\" data-widget_type=\"image.default\">\n\t\t\t\t<div class=\"elementor-widget-container\">\n\t\t\t\t\t\t\t\t\t\t\t\t\t\t\t<img loading=\"lazy\" decoding=\"async\" width=\"2560\" height=\"1673\" src=\"https:\/\/lewagro-service.de\/wp-content\/uploads\/2023\/06\/pexels-tima-miroshnichenko-6195125-scaled.jpg\" class=\"attachment-full size-full wp-image-1554\" alt=\"\" srcset=\"https:\/\/lewagro-service.de\/wp-content\/uploads\/2023\/06\/pexels-tima-miroshnichenko-6195125-scaled.jpg 2560w, https:\/\/lewagro-service.de\/wp-content\/uploads\/2023\/06\/pexels-tima-miroshnichenko-6195125-300x196.jpg 300w, https:\/\/lewagro-service.de\/wp-content\/uploads\/2023\/06\/pexels-tima-miroshnichenko-6195125-1024x669.jpg 1024w, https:\/\/lewagro-service.de\/wp-content\/uploads\/2023\/06\/pexels-tima-miroshnichenko-6195125-768x502.jpg 768w, https:\/\/lewagro-service.de\/wp-content\/uploads\/2023\/06\/pexels-tima-miroshnichenko-6195125-1536x1004.jpg 1536w, https:\/\/lewagro-service.de\/wp-content\/uploads\/2023\/06\/pexels-tima-miroshnichenko-6195125-2048x1339.jpg 2048w, https:\/\/lewagro-service.de\/wp-content\/uploads\/2023\/06\/pexels-tima-miroshnichenko-6195125-600x392.jpg 600w\" sizes=\"auto, (max-width: 2560px) 100vw, 2560px\" \/>\t\t\t\t\t\t\t\t\t\t\t\t\t\t\t<\/div>\n\t\t\t\t<\/div>\n\t\t\t\t<div class=\"elementor-element elementor-element-2dcd636f elementor-widget elementor-widget-heading\" data-id=\"2dcd636f\" data-element_type=\"widget\" data-widget_type=\"heading.default\">\n\t\t\t\t<div class=\"elementor-widget-container\">\n\t\t\t<h2 class=\"elementor-heading-title elementor-size-default\">Professionelle Hausmeisterservices f\u00fcr Ihre Immobilie - Verl\u00e4ssliche Betreuung und Pflege<\/h2>\t\t<\/div>\n\t\t\t\t<\/div>\n\t\t\t\t<div class=\"elementor-element elementor-element-16ae642a elementor-widget elementor-widget-text-editor\" data-id=\"16ae642a\" data-element_type=\"widget\" data-widget_type=\"text-editor.default\">\n\t\t\t\t<div class=\"elementor-widget-container\">\n\t\t\t<style>\/*! elementor - v3.13.3 - 28-05-2023 *\/\n.elementor-widget-text-editor.elementor-drop-cap-view-stacked .elementor-drop-cap{background-color:#69727d;color:#fff}.elementor-widget-text-editor.elementor-drop-cap-view-framed .elementor-drop-cap{color:#69727d;border:3px solid;background-color:transparent}.elementor-widget-text-editor:not(.elementor-drop-cap-view-default) .elementor-drop-cap{margin-top:8px}.elementor-widget-text-editor:not(.elementor-drop-cap-view-default) .elementor-drop-cap-letter{width:1em;height:1em}.elementor-widget-text-editor .elementor-drop-cap{float:left;text-align:center;line-height:1;font-size:50px}.elementor-widget-text-editor .elementor-drop-cap-letter{display:inline-block}<\/style>\t\t\t\t<p>Unser Hausmeisterservice ist Ihr zuverl\u00e4ssiger Partner f\u00fcr die professionelle Betreuung und Instandhaltung Ihrer Immobilie. Mit langj\u00e4hriger Erfahrung und einem engagierten Team bieten wir Ihnen umfassende Dienstleistungen rund um Ihr Haus oder Ihre Wohnung.<\/p><p>Unser Leistungsspektrum umfasst die regelm\u00e4\u00dfige Reinigung und Pflege sowohl im Innen- als auch im Au\u00dfenbereich. Wir sorgen daf\u00fcr, dass Ihre R\u00e4umlichkeiten stets sauber, ordentlich und einladend sind. Von der Treppenhausreinigung \u00fcber die M\u00fcllentsorgung bis hin zur Fensterreinigung &#8211; wir k\u00fcmmern uns um jedes Detail.<\/p><p>Auch die technische Betreuung liegt in unseren H\u00e4nden. Wir \u00fcberwachen und warten Ihre Heizungsanlage, L\u00fcftungs- und Klimaanlagen sowie Sanit\u00e4ranlagen, um einen reibungslosen Betrieb zu gew\u00e4hrleisten. Bei auftretenden Problemen stehen wir Ihnen schnell zur Seite und k\u00fcmmern uns um Reparaturen und Kleinreparaturen.<\/p><p>Dar\u00fcber hinaus nehmen wir uns Ihrer Gr\u00fcnfl\u00e4chen an. Ob Rasenpflege, Baumschnitt oder Unkrautbek\u00e4mpfung &#8211; unser erfahrenes Team sorgt f\u00fcr einen gepflegten Garten und ein ansprechendes Erscheinungsbild Ihrer Au\u00dfenanlagen.<\/p><p>Mit unserem umfassenden Sch\u00e4dlingsbek\u00e4mpfungsservice sind wir auch in der Lage, unerw\u00fcnschte Besucher wie Insekten oder Nagetiere effektiv zu bek\u00e4mpfen und zu entfernen.<\/p><p>Bei all unseren Arbeiten legen wir gro\u00dfen Wert auf Qualit\u00e4t, Zuverl\u00e4ssigkeit und Kundenzufriedenheit. Wir gehen individuell auf Ihre Bed\u00fcrfnisse ein und stehen Ihnen mit unserem Fachwissen und unserer Erfahrung zur Seite.<\/p><p>Vertrauen Sie unserem Hausmeisterservice, um die Instandhaltung und Pflege Ihrer Immobilie in besten H\u00e4nden zu wissen. Kontaktieren Sie uns noch heute und lassen Sie uns gemeinsam die optimale L\u00f6sung f\u00fcr Ihr Objekt finden.<\/p>\t\t\t\t\t\t<\/div>\n\t\t\t\t<\/div>\n\t\t\t\t\t<\/div>\n\t\t<\/div>\n\t\t\t\t\t\t\t<\/div>\n\t\t<\/section>\n\t\t\t\t<section class=\"elementor-section elementor-inner-section elementor-element elementor-element-65af0bc2 elementor-section-boxed elementor-section-height-default elementor-section-height-default\" data-id=\"65af0bc2\" data-element_type=\"section\">\n\t\t\t\t\t\t<div class=\"elementor-container elementor-column-gap-default\">\n\t\t\t\t\t<div class=\"elementor-column elementor-col-50 elementor-inner-column elementor-element elementor-element-16a77fff\" data-id=\"16a77fff\" data-element_type=\"column\">\n\t\t\t<div class=\"elementor-widget-wrap elementor-element-populated\">\n\t\t\t\t\t\t\t\t<div class=\"elementor-element elementor-element-658f4bf9 elementor-widget elementor-widget-image\" data-id=\"658f4bf9\" data-element_type=\"widget\" data-widget_type=\"image.default\">\n\t\t\t\t<div class=\"elementor-widget-container\">\n\t\t\t\t\t\t\t\t\t\t\t\t\t\t\t<img loading=\"lazy\" decoding=\"async\" width=\"640\" height=\"427\" src=\"https:\/\/lewagro-service.de\/wp-content\/uploads\/2023\/06\/pexels-tima-miroshnichenko-6195288-1024x683.jpg\" class=\"attachment-large size-large wp-image-1552\" alt=\"\" srcset=\"https:\/\/lewagro-service.de\/wp-content\/uploads\/2023\/06\/pexels-tima-miroshnichenko-6195288-1024x683.jpg 1024w, https:\/\/lewagro-service.de\/wp-content\/uploads\/2023\/06\/pexels-tima-miroshnichenko-6195288-300x200.jpg 300w, https:\/\/lewagro-service.de\/wp-content\/uploads\/2023\/06\/pexels-tima-miroshnichenko-6195288-768x512.jpg 768w, https:\/\/lewagro-service.de\/wp-content\/uploads\/2023\/06\/pexels-tima-miroshnichenko-6195288-1536x1024.jpg 1536w, https:\/\/lewagro-service.de\/wp-content\/uploads\/2023\/06\/pexels-tima-miroshnichenko-6195288-2048x1365.jpg 2048w, https:\/\/lewagro-service.de\/wp-content\/uploads\/2023\/06\/pexels-tima-miroshnichenko-6195288-600x400.jpg 600w\" sizes=\"auto, (max-width: 640px) 100vw, 640px\" \/>\t\t\t\t\t\t\t\t\t\t\t\t\t\t\t<\/div>\n\t\t\t\t<\/div>\n\t\t\t\t\t<\/div>\n\t\t<\/div>\n\t\t\t\t<div class=\"elementor-column elementor-col-50 elementor-inner-column elementor-element elementor-element-5d7690e3\" data-id=\"5d7690e3\" data-element_type=\"column\">\n\t\t\t<div class=\"elementor-widget-wrap elementor-element-populated\">\n\t\t\t\t\t\t\t\t<div class=\"elementor-element elementor-element-29190751 elementor-icon-list--layout-traditional elementor-list-item-link-full_width elementor-widget elementor-widget-icon-list\" data-id=\"29190751\" data-element_type=\"widget\" data-widget_type=\"icon-list.default\">\n\t\t\t\t<div class=\"elementor-widget-container\">\n\t\t\t<link rel=\"stylesheet\" href=\"https:\/\/lewagro-service.de\/wp-content\/plugins\/elementor\/assets\/css\/widget-icon-list.min.css\">\t\t<ul class=\"elementor-icon-list-items\">\n\t\t\t\t\t\t\t<li class=\"elementor-icon-list-item\">\n\t\t\t\t\t\t\t\t\t\t\t<span class=\"elementor-icon-list-icon\">\n\t\t\t\t\t\t\t<i aria-hidden=\"true\" class=\"fas fa-check\"><\/i>\t\t\t\t\t\t<\/span>\n\t\t\t\t\t\t\t\t\t\t<span class=\"elementor-icon-list-text\">Professionelle Instandhaltung<\/span>\n\t\t\t\t\t\t\t\t\t<\/li>\n\t\t\t\t\t\t\t\t<li class=\"elementor-icon-list-item\">\n\t\t\t\t\t\t\t\t\t\t\t<span class=\"elementor-icon-list-icon\">\n\t\t\t\t\t\t\t<i aria-hidden=\"true\" class=\"fas fa-check\"><\/i>\t\t\t\t\t\t<\/span>\n\t\t\t\t\t\t\t\t\t\t<span class=\"elementor-icon-list-text\">Umfassende Reinigung<\/span>\n\t\t\t\t\t\t\t\t\t<\/li>\n\t\t\t\t\t\t\t\t<li class=\"elementor-icon-list-item\">\n\t\t\t\t\t\t\t\t\t\t\t<span class=\"elementor-icon-list-icon\">\n\t\t\t\t\t\t\t<i aria-hidden=\"true\" class=\"fas fa-check\"><\/i>\t\t\t\t\t\t<\/span>\n\t\t\t\t\t\t\t\t\t\t<span class=\"elementor-icon-list-text\">Zuverl\u00e4ssiger Service<\/span>\n\t\t\t\t\t\t\t\t\t<\/li>\n\t\t\t\t\t\t\t\t<li class=\"elementor-icon-list-item\">\n\t\t\t\t\t\t\t\t\t\t\t<span class=\"elementor-icon-list-icon\">\n\t\t\t\t\t\t\t<i aria-hidden=\"true\" class=\"fas fa-check\"><\/i>\t\t\t\t\t\t<\/span>\n\t\t\t\t\t\t\t\t\t\t<span class=\"elementor-icon-list-text\">Expertise im Gartenbereich<\/span>\n\t\t\t\t\t\t\t\t\t<\/li>\n\t\t\t\t\t\t\t\t<li class=\"elementor-icon-list-item\">\n\t\t\t\t\t\t\t\t\t\t\t<span class=\"elementor-icon-list-icon\">\n\t\t\t\t\t\t\t<i aria-hidden=\"true\" class=\"fas fa-check\"><\/i>\t\t\t\t\t\t<\/span>\n\t\t\t\t\t\t\t\t\t\t<span class=\"elementor-icon-list-text\">Fachkundige Reparaturen<\/span>\n\t\t\t\t\t\t\t\t\t<\/li>\n\t\t\t\t\t\t\t\t<li class=\"elementor-icon-list-item\">\n\t\t\t\t\t\t\t\t\t\t\t<span class=\"elementor-icon-list-icon\">\n\t\t\t\t\t\t\t<i aria-hidden=\"true\" class=\"fas fa-check\"><\/i>\t\t\t\t\t\t<\/span>\n\t\t\t\t\t\t\t\t\t\t<span class=\"elementor-icon-list-text\">Kundenzufriedenheit garantiert<\/span>\n\t\t\t\t\t\t\t\t\t<\/li>\n\t\t\t\t\t\t<\/ul>\n\t\t\t\t<\/div>\n\t\t\t\t<\/div>\n\t\t\t\t\t<\/div>\n\t\t<\/div>\n\t\t\t\t\t\t\t<\/div>\n\t\t<\/section>\n\t\t\t\t\t<\/div>\n\t\t<\/div>\n\t\t\t\t\t\t\t<\/div>\n\t\t<\/section>\n\t\t\t\t\t\t\t<\/div>\n\t\t","protected":false},"excerpt":{"rendered":"<p>Unser Service Haben Sie Fragen? Kontaktieren Sie Uns! Kontakt Professionelle Hausmeisterservices f\u00fcr Ihre Immobilie &#8211; Verl\u00e4ssliche Betreuung und Pflege Unser Hausmeisterservice ist Ihr zuverl\u00e4ssiger Partner f\u00fcr die professionelle Betreuung und Instandhaltung Ihrer Immobilie. Mit langj\u00e4hriger Erfahrung und einem engagierten Team bieten wir Ihnen umfassende Dienstleistungen rund um Ihr Haus oder Ihre Wohnung. Unser Leistungsspektrum umfasst&#8230;<\/p>\n","protected":false},"author":2,"featured_media":1618,"parent":0,"menu_order":0,"comment_status":"closed","ping_status":"closed","template":"elementor_header_footer","meta":{"footnotes":""},"class_list":["post-940","page","type-page","status-publish","has-post-thumbnail","hentry"],"_links":{"self":[{"href":"https:\/\/lewagro-service.de\/index.php?rest_route=\/wp\/v2\/pages\/940","targetHints":{"allow":["GET"]}}],"collection":[{"href":"https:\/\/lewagro-service.de\/index.php?rest_route=\/wp\/v2\/pages"}],"about":[{"href":"https:\/\/lewagro-service.de\/index.php?rest_route=\/wp\/v2\/types\/page"}],"author":[{"embeddable":true,"href":"https:\/\/lewagro-service.de\/index.php?rest_route=\/wp\/v2\/users\/2"}],"replies":[{"embeddable":true,"href":"https:\/\/lewagro-service.de\/index.php?rest_route=%2Fwp%2Fv2%2Fcomments&post=940"}],"version-history":[{"count":15,"href":"https:\/\/lewagro-service.de\/index.php?rest_route=\/wp\/v2\/pages\/940\/revisions"}],"predecessor-version":[{"id":1680,"href":"https:\/\/lewagro-service.de\/index.php?rest_route=\/wp\/v2\/pages\/940\/revisions\/1680"}],"wp:featuredmedia":[{"embeddable":true,"href":"https:\/\/lewagro-service.de\/index.php?rest_route=\/wp\/v2\/media\/1618"}],"wp:attachment":[{"href":"https:\/\/lewagro-service.de\/index.php?rest_route=%2Fwp%2Fv2%2Fmedia&parent=940"}],"curies":[{"name":"wp","href":"https:\/\/api.w.org\/{rel}","templated":true}]}}